

{"id":15199,"date":"2021-10-07T14:31:15","date_gmt":"2021-10-07T14:31:15","guid":{"rendered":"https:\/\/www.drsozluk.com\/dorjet\/?page_id=15199"},"modified":"2024-03-06T15:33:33","modified_gmt":"2024-03-06T12:33:33","slug":"corporate","status":"publish","type":"page","link":"https:\/\/dorjet.com\/en\/corporate\/","title":{"rendered":"Corporate"},"content":{"rendered":"<div data-elementor-type=\"wp-page\" data-elementor-id=\"15199\" class=\"elementor elementor-15199\">\n\t\t\t\t\t\t<section class=\"elementor-section elementor-top-section elementor-element elementor-element-54349d9 elementor-section-full_width qodef-elementor-content-grid elementor-section-height-default elementor-section-height-default\" data-id=\"54349d9\" data-element_type=\"section\">\n\t\t\t\t\t\t<div class=\"elementor-container elementor-column-gap-default\">\n\t\t\t\t\t<div class=\"elementor-column elementor-col-100 elementor-top-column elementor-element elementor-element-515d784\" data-id=\"515d784\" data-element_type=\"column\">\n\t\t\t<div class=\"elementor-widget-wrap elementor-element-populated\">\n\t\t\t\t\t\t<div class=\"elementor-element elementor-element-a44bbcd elementor-widget elementor-widget-text-editor\" data-id=\"a44bbcd\" data-element_type=\"widget\" data-widget_type=\"text-editor.default\">\n\t\t\t\t<div class=\"elementor-widget-container\">\n\t\t\t<style>\/*! elementor - v3.19.0 - 28-02-2024 *\/\n.elementor-widget-text-editor.elementor-drop-cap-view-stacked .elementor-drop-cap{background-color:#69727d;color:#fff}.elementor-widget-text-editor.elementor-drop-cap-view-framed .elementor-drop-cap{color:#69727d;border:3px solid;background-color:transparent}.elementor-widget-text-editor:not(.elementor-drop-cap-view-default) .elementor-drop-cap{margin-top:8px}.elementor-widget-text-editor:not(.elementor-drop-cap-view-default) .elementor-drop-cap-letter{width:1em;height:1em}.elementor-widget-text-editor .elementor-drop-cap{float:left;text-align:center;line-height:1;font-size:50px}.elementor-widget-text-editor .elementor-drop-cap-letter{display:inline-block}<\/style>\t\t\t\t<p>Dorjet established the landing gear R&amp;D center for Honda Goldwing engines in the first quarter of 2020. The Landing Gear product has emerged as a result of 1 year of fine and detailed work with development techniques on ensuring and maintaining the safety and comfort of the driver. Dorjet also continues its development with solid steps with its managers and engineers with security automation R&amp;D background.<\/p><p>Thanks to this deep-rooted history, Dorjet, which has developed by considering all the details of the Landing Gear produced by blending artificial intelligence and mechanic categories, has provided solutions to problems that may challenge the user, especially the driving safety of heavy engines, parking, and stop-start stages.<\/p><p>Dorjet is a 100% domestic company that applies the advanced landing gear system to the Goldwing series engines of the world famous Honda brand today.<\/p>\t\t\t\t\t\t<\/div>\n\t\t\t\t<\/div>\n\t\t\t\t\t<\/div>\n\t\t<\/div>\n\t\t\t\t\t<\/div>\n\t\t<\/section>\n\t\t\t\t<\/div>","protected":false},"excerpt":{"rendered":"<p>Dorjet, 2020 y\u0131l\u0131n\u0131n ilk \u00e7eyre\u011finde Honda Goldwing motorlar i\u00e7in ini\u015f tak\u0131mlar\u0131 Ar-Ge merkezini kurdu. Tamamen s\u00fcr\u00fcc\u00fcn\u00fcn g\u00fcvenlik ve konforunu sa\u011flamak ve devam ettirmek \u00fczerine geli\u015ftirme teknikleri ile 1 y\u0131ll\u0131k ince ve detayl\u0131 \u00e7al\u0131\u015fma sonucunda \u0130ni\u015f Tak\u0131mlar\u0131 \u00fcr\u00fcn\u00fc ortaya \u00e7\u0131km\u0131\u015f oldu. Dorjet ayn\u0131 zamanda G\u00fcvenlik otomasyonu Ar-Ge ge\u00e7mi\u015fine sahip y\u00f6netici ve m\u00fchendisleri ile geli\u015fimine sa\u011flam ad\u0131mlarla [&hellip;]<\/p>","protected":false},"author":5,"featured_media":0,"parent":0,"menu_order":9,"comment_status":"closed","ping_status":"closed","template":"","meta":{"footnotes":""},"class_list":["post-15199","page","type-page","status-publish","hentry"],"_links":{"self":[{"href":"https:\/\/dorjet.com\/en\/wp-json\/wp\/v2\/pages\/15199","targetHints":{"allow":["GET"]}}],"collection":[{"href":"https:\/\/dorjet.com\/en\/wp-json\/wp\/v2\/pages"}],"about":[{"href":"https:\/\/dorjet.com\/en\/wp-json\/wp\/v2\/types\/page"}],"author":[{"embeddable":true,"href":"https:\/\/dorjet.com\/en\/wp-json\/wp\/v2\/users\/5"}],"replies":[{"embeddable":true,"href":"https:\/\/dorjet.com\/en\/wp-json\/wp\/v2\/comments?post=15199"}],"version-history":[{"count":13,"href":"https:\/\/dorjet.com\/en\/wp-json\/wp\/v2\/pages\/15199\/revisions"}],"predecessor-version":[{"id":16724,"href":"https:\/\/dorjet.com\/en\/wp-json\/wp\/v2\/pages\/15199\/revisions\/16724"}],"wp:attachment":[{"href":"https:\/\/dorjet.com\/en\/wp-json\/wp\/v2\/media?parent=15199"}],"curies":[{"name":"wp","href":"https:\/\/api.w.org\/{rel}","templated":true}]}}