

{"id":15445,"date":"2021-11-29T13:40:43","date_gmt":"2021-11-29T13:40:43","guid":{"rendered":"https:\/\/perfectvloerenonderhoud.eu\/dorjet\/?page_id=15445"},"modified":"2024-03-06T15:34:23","modified_gmt":"2024-03-06T12:34:23","slug":"products","status":"publish","type":"page","link":"https:\/\/dorjet.com\/en\/products\/","title":{"rendered":"Products"},"content":{"rendered":"<div data-elementor-type=\"wp-page\" data-elementor-id=\"15445\" class=\"elementor elementor-15445\">\n\t\t\t\t\t\t<section class=\"elementor-section elementor-top-section elementor-element elementor-element-4bcff9be elementor-section-full_width qodef-elementor-content-grid elementor-section-height-default elementor-section-height-default\" data-id=\"4bcff9be\" data-element_type=\"section\">\n\t\t\t\t\t\t<div class=\"elementor-container elementor-column-gap-default\">\n\t\t\t\t\t<div class=\"elementor-column elementor-col-100 elementor-top-column elementor-element elementor-element-6929f20\" data-id=\"6929f20\" data-element_type=\"column\" data-settings=\"{&quot;background_background&quot;:&quot;classic&quot;}\">\n\t\t\t<div class=\"elementor-widget-wrap elementor-element-populated\">\n\t\t\t\t\t\t<div class=\"elementor-element elementor-element-19e54329 elementor-widget__width-initial elementor-widget elementor-widget-hugge_core_product_list\" data-id=\"19e54329\" data-element_type=\"widget\" data-widget_type=\"hugge_core_product_list.default\">\n\t\t\t\t<div class=\"elementor-widget-container\">\n\t\t\t<div class=\"qodef-shortcode qodef-m  qodef-woo-shortcode qodef-woo-product-list qodef-item-layout--info-below      qodef-enable-yith--no qodef-hide-info--no qodef-custom-background--no  qodef-grid qodef-layout--columns  qodef-gutter--tiny qodef-col-num--2 qodef-item-layout--info-below qodef-filter--on qodef--no-bottom-space qodef-pagination--off qodef-responsive--predefined qodef-hover-animation--roll-on\" data-options=\"{&quot;plugin&quot;:&quot;hugge_core&quot;,&quot;module&quot;:&quot;plugins\\\/woocommerce\\\/shortcodes&quot;,&quot;shortcode&quot;:&quot;product-list&quot;,&quot;post_type&quot;:&quot;product&quot;,&quot;next_page&quot;:&quot;2&quot;,&quot;max_pages_num&quot;:1,&quot;behavior&quot;:&quot;columns&quot;,&quot;images_proportion&quot;:&quot;custom&quot;,&quot;custom_image_width&quot;:&quot;600&quot;,&quot;custom_image_height&quot;:&quot;700&quot;,&quot;columns&quot;:&quot;2&quot;,&quot;columns_responsive&quot;:&quot;predefined&quot;,&quot;space&quot;:&quot;tiny&quot;,&quot;posts_per_page&quot;:&quot;6&quot;,&quot;orderby&quot;:&quot;date&quot;,&quot;order&quot;:&quot;DESC&quot;,&quot;additional_params&quot;:&quot;tax&quot;,&quot;tax&quot;:&quot;product_cat&quot;,&quot;layout&quot;:&quot;info-below&quot;,&quot;hover_animation_cascade-layout&quot;:&quot;roll-on&quot;,&quot;hover_animation_info-below&quot;:&quot;roll-on&quot;,&quot;title_tag&quot;:&quot;h4&quot;,&quot;enable_filter&quot;:&quot;yes&quot;,&quot;include_subcategories&quot;:&quot;no&quot;,&quot;pagination_type&quot;:&quot;no-pagination&quot;,&quot;simple_layout&quot;:&quot;no&quot;,&quot;hide_info&quot;:&quot;no&quot;,&quot;rating&quot;:&quot;no&quot;,&quot;margins&quot;:&quot;no&quot;,&quot;yith&quot;:&quot;no&quot;,&quot;custom_background&quot;:&quot;no&quot;,&quot;side_filter&quot;:&quot;no&quot;,&quot;side_image&quot;:&quot;no&quot;,&quot;list_button_target&quot;:&quot;_self&quot;,&quot;appear_animation&quot;:&quot;no&quot;,&quot;object_class_name&quot;:&quot;HuggeCore_Product_List_Shortcode&quot;,&quot;taxonomy_filter&quot;:&quot;product_cat&quot;,&quot;space_value&quot;:5}\">\n\t\t<div class=\"qodef-m-filter\">\n\t\t\t\t\t<div class=\"qodef-m-filter-items\">\n\t\t\t\t<a class=\"qodef-m-filter-item qodef--active\" href=\"#\" data-taxonomy=\"product_cat\" data-filter=\"*\">\n\t\t\t\t\t<span class=\"qodef-m-filter-item-name\">Show All<\/span>\n\t\t\t\t<\/a>\n\t\t\t\t                                                                <a class=\"qodef-m-filter-item qodef--parent\" href=\"#\" data-taxonomy=\"product_cat\" data-filter=\"harley-davidson\">\n                            <span class=\"qodef-m-filter-item-name\">Harley-Davidson<\/span>\n                        <\/a>\n                    \t\t\t\t                                                                <a class=\"qodef-m-filter-item qodef--parent\" href=\"#\" data-taxonomy=\"product_cat\" data-filter=\"honda\">\n                            <span class=\"qodef-m-filter-item-name\">Honda<\/span>\n                        <\/a>\n                    \t\t\t\t\t\t\t<\/div>\n\t\t\t<\/div>\n\t<div class=\"qodef-grid-inner clear\">\n\t\t<div class=\"qodef-e qodef-grid-item qodef-item--custom product type-product post-16599 status-publish first instock product_cat-harley-davidson product_tag-electra-glide has-post-thumbnail sold-individually taxable shipping-taxable purchasable product-type-simple\" >\n            <div class=\"qodef-woo-product-inner\">\n                            <div class=\"qodef-woo-product-image\" >\n                                        <img fetchpriority=\"high\" decoding=\"async\" src=\"https:\/\/dorjet.com\/wp-content\/uploads\/2024\/03\/3-1-600x700.jpeg\" alt=\"\" width=\"600\" height=\"700\" data-ratio=\"0.85714285714286\" \/>                    <div class=\"qodef-woo-product-image-inner\">\n                        <a href=\"https:\/\/dorjet.com\/en\/urunler\/harley-davidson-electra-glide-landing-gears\/\" class=\"woocommerce-LoopProduct-link woocommerce-loop-product__link\"><\/a>                        <div class=\"qodef-woo-product-button-holder\">\n                                                    <\/div>\n                    <\/div>\n                <\/div>\n                        <div class=\"qodef-woo-product-content\">\n                \t<div class=\"qodef-woo-product-categories\"><a href=\"https:\/\/dorjet.com\/en\/product-category\/harley-davidson\/\" rel=\"tag\">Harley-Davidson<\/a><\/div>\n                <h4 itemprop=\"name\" class=\"qodef-woo-product-title entry-title\" >\n\t<a itemprop=\"url\" class=\"qodef-woo-product-title-link\" href=\"https:\/\/dorjet.com\/en\/urunler\/harley-davidson-electra-glide-landing-gears\/\">\n\t\tElectra Glide Landing Gears\t<\/a>\n<\/h4>                                <div class=\"qodef-woo-price-cart-switch\">\n                    \t\t<div class=\"qodef-woo-product-price price\"><span class=\"woocommerce-Price-amount amount\"><span class=\"woocommerce-Price-currencySymbol\">&euro;<\/span>0,00<\/span><\/div>\n\t                    <a href=\"?add-to-cart=16599\" data-quantity=\"1\" class=\"button product_type_simple add_to_cart_button ajax_add_to_cart\" data-product_id=\"16599\" data-product_sku=\"EG2024\" aria-label=\"Add to cart: \u201cElectra Glide Landing Gears\u201d\" aria-describedby=\"\" rel=\"nofollow\" data-no-translation=\"\" data-trp-gettext=\"\" data-no-translation-aria-label=\"\">Sat\u0131n Al<\/a>                                    <\/div>\n            <\/div>\n        <\/div>\n        <\/div><div class=\"qodef-e qodef-grid-item qodef-item--custom product type-product post-16585 status-publish instock product_cat-harley-davidson product_tag-street-glide has-post-thumbnail sold-individually taxable shipping-taxable purchasable product-type-simple\" >\n            <div class=\"qodef-woo-product-inner\">\n                            <div class=\"qodef-woo-product-image\" >\n                                        <img decoding=\"async\" src=\"https:\/\/dorjet.com\/wp-content\/uploads\/2024\/03\/5-scaled-600x700.jpeg\" alt=\"\" width=\"600\" height=\"700\" data-ratio=\"0.85714285714286\" \/>                    <div class=\"qodef-woo-product-image-inner\">\n                        <a href=\"https:\/\/dorjet.com\/en\/urunler\/harley-davidson-street-glide-landing-gears\/\" class=\"woocommerce-LoopProduct-link woocommerce-loop-product__link\"><\/a>                        <div class=\"qodef-woo-product-button-holder\">\n                                                    <\/div>\n                    <\/div>\n                <\/div>\n                        <div class=\"qodef-woo-product-content\">\n                \t<div class=\"qodef-woo-product-categories\"><a href=\"https:\/\/dorjet.com\/en\/product-category\/harley-davidson\/\" rel=\"tag\">Harley-Davidson<\/a><\/div>\n                <h4 itemprop=\"name\" class=\"qodef-woo-product-title entry-title\" >\n\t<a itemprop=\"url\" class=\"qodef-woo-product-title-link\" href=\"https:\/\/dorjet.com\/en\/urunler\/harley-davidson-street-glide-landing-gears\/\">\n\t\tStreet Glide Landing Gears\t<\/a>\n<\/h4>                                <div class=\"qodef-woo-price-cart-switch\">\n                    \t\t<div class=\"qodef-woo-product-price price\"><span class=\"woocommerce-Price-amount amount\"><span class=\"woocommerce-Price-currencySymbol\">&euro;<\/span>0,00<\/span><\/div>\n\t                    <a href=\"?add-to-cart=16585\" data-quantity=\"1\" class=\"button product_type_simple add_to_cart_button ajax_add_to_cart\" data-product_id=\"16585\" data-product_sku=\"SG2024\" aria-label=\"Add to cart: \u201cStreet Glide Landing Gears\u201d\" aria-describedby=\"\" rel=\"nofollow\" data-no-translation=\"\" data-trp-gettext=\"\" data-no-translation-aria-label=\"\">Sat\u0131n Al<\/a>                                    <\/div>\n            <\/div>\n        <\/div>\n        <\/div><div class=\"qodef-e qodef-grid-item qodef-item--custom product type-product post-16247 status-publish last instock product_cat-honda product_tag-gold-wing-gl1800-new-edition has-post-thumbnail sold-individually taxable shipping-taxable purchasable product-type-simple\" >\n            <div class=\"qodef-woo-product-inner\">\n                            <div class=\"qodef-woo-product-image\" >\n                                        <img decoding=\"async\" src=\"https:\/\/dorjet.com\/wp-content\/uploads\/2022\/03\/goldwing-gl1800-new-edition-600x700.jpg\" alt=\"\" width=\"600\" height=\"700\" data-ratio=\"0.85714285714286\" \/>                    <div class=\"qodef-woo-product-image-inner\">\n                        <a href=\"https:\/\/dorjet.com\/en\/urunler\/goldwing-gl1800-new-edition-landing-gears\/\" class=\"woocommerce-LoopProduct-link woocommerce-loop-product__link\"><\/a>                        <div class=\"qodef-woo-product-button-holder\">\n                                                    <\/div>\n                    <\/div>\n                <\/div>\n                        <div class=\"qodef-woo-product-content\">\n                \t<div class=\"qodef-woo-product-categories\"><a href=\"https:\/\/dorjet.com\/en\/product-category\/honda\/\" rel=\"tag\">Honda<\/a><\/div>\n                <h4 itemprop=\"name\" class=\"qodef-woo-product-title entry-title\" >\n\t<a itemprop=\"url\" class=\"qodef-woo-product-title-link\" href=\"https:\/\/dorjet.com\/en\/urunler\/goldwing-gl1800-new-edition-landing-gears\/\">\n\t\tGold Wing GL1800 New Edition Landing Gears\t<\/a>\n<\/h4>                                <div class=\"qodef-woo-price-cart-switch\">\n                    \t\t<div class=\"qodef-woo-product-price price\"><span class=\"woocommerce-Price-amount amount\"><span class=\"woocommerce-Price-currencySymbol\">&euro;<\/span>0,00<\/span><\/div>\n\t                    <a href=\"?add-to-cart=16247\" data-quantity=\"1\" class=\"button product_type_simple add_to_cart_button ajax_add_to_cart\" data-product_id=\"16247\" data-product_sku=\"GL1800NE\" aria-label=\"Add to cart: \u201cGold Wing GL1800 New Edition Landing Gears\u201d\" aria-describedby=\"\" rel=\"nofollow\" data-no-translation=\"\" data-trp-gettext=\"\" data-no-translation-aria-label=\"\">Sat\u0131n Al<\/a>                                    <\/div>\n            <\/div>\n        <\/div>\n        <\/div><div class=\"qodef-e qodef-grid-item qodef-item--custom product type-product post-16245 status-publish first instock product_cat-honda product_tag-gold-wing-gl1500 has-post-thumbnail taxable shipping-taxable purchasable product-type-simple\" >\n            <div class=\"qodef-woo-product-inner\">\n                            <div class=\"qodef-woo-product-image\" >\n                                        <img loading=\"lazy\" decoding=\"async\" src=\"https:\/\/dorjet.com\/wp-content\/uploads\/2022\/03\/goldwing-gl1500-landing-gear-600x700.jpg\" alt=\"\" width=\"600\" height=\"700\" data-ratio=\"0.85714285714286\" \/>                    <div class=\"qodef-woo-product-image-inner\">\n                        <a href=\"https:\/\/dorjet.com\/en\/urunler\/goldwing-gl1500-landing-gears\/\" class=\"woocommerce-LoopProduct-link woocommerce-loop-product__link\"><\/a>                        <div class=\"qodef-woo-product-button-holder\">\n                                                    <\/div>\n                    <\/div>\n                <\/div>\n                        <div class=\"qodef-woo-product-content\">\n                \t<div class=\"qodef-woo-product-categories\"><a href=\"https:\/\/dorjet.com\/en\/product-category\/honda\/\" rel=\"tag\">Honda<\/a><\/div>\n                <h4 itemprop=\"name\" class=\"qodef-woo-product-title entry-title\" >\n\t<a itemprop=\"url\" class=\"qodef-woo-product-title-link\" href=\"https:\/\/dorjet.com\/en\/urunler\/goldwing-gl1500-landing-gears\/\">\n\t\tGold Wing GL1500 Landing Gears\t<\/a>\n<\/h4>                                <div class=\"qodef-woo-price-cart-switch\">\n                    \t\t<div class=\"qodef-woo-product-price price\"><span class=\"woocommerce-Price-amount amount\"><span class=\"woocommerce-Price-currencySymbol\">&euro;<\/span>0,00<\/span><\/div>\n\t                    <a href=\"?add-to-cart=16245\" data-quantity=\"1\" class=\"button product_type_simple add_to_cart_button ajax_add_to_cart\" data-product_id=\"16245\" data-product_sku=\"GL1500\" aria-label=\"Add to cart: \u201cGold Wing GL1500 Landing Gears\u201d\" aria-describedby=\"\" rel=\"nofollow\" data-no-translation=\"\" data-trp-gettext=\"\" data-no-translation-aria-label=\"\">Sat\u0131n Al<\/a>                                    <\/div>\n            <\/div>\n        <\/div>\n        <\/div><div class=\"qodef-e qodef-grid-item qodef-item--custom product type-product post-11762 status-publish instock product_cat-honda product_tag-gold-wing-gl1800 has-post-thumbnail taxable shipping-taxable purchasable product-type-simple\" >\n            <div class=\"qodef-woo-product-inner\">\n                            <div class=\"qodef-woo-product-image\" >\n                                        <img loading=\"lazy\" decoding=\"async\" src=\"https:\/\/dorjet.com\/wp-content\/uploads\/2021\/04\/gold-wing-inis-takimi-2-600x700-1-600x700.png\" alt=\"\" width=\"600\" height=\"700\" data-ratio=\"0.85714285714286\" \/>                    <div class=\"qodef-woo-product-image-inner\">\n                        <a href=\"https:\/\/dorjet.com\/en\/urunler\/goldwing-gl1800-landing-gears\/\" class=\"woocommerce-LoopProduct-link woocommerce-loop-product__link\"><\/a>                        <div class=\"qodef-woo-product-button-holder\">\n                                                    <\/div>\n                    <\/div>\n                <\/div>\n                        <div class=\"qodef-woo-product-content\">\n                \t<div class=\"qodef-woo-product-categories\"><a href=\"https:\/\/dorjet.com\/en\/product-category\/honda\/\" rel=\"tag\">Honda<\/a><\/div>\n                <h4 itemprop=\"name\" class=\"qodef-woo-product-title entry-title\" >\n\t<a itemprop=\"url\" class=\"qodef-woo-product-title-link\" href=\"https:\/\/dorjet.com\/en\/urunler\/goldwing-gl1800-landing-gears\/\">\n\t\tGold Wing GL1800 Landing Gears\t<\/a>\n<\/h4>                                <div class=\"qodef-woo-price-cart-switch\">\n                    \t\t<div class=\"qodef-woo-product-price price\"><span class=\"woocommerce-Price-amount amount\"><span class=\"woocommerce-Price-currencySymbol\">&euro;<\/span>0,00<\/span><\/div>\n\t                    <a href=\"?add-to-cart=11762\" data-quantity=\"1\" class=\"button product_type_simple add_to_cart_button ajax_add_to_cart\" data-product_id=\"11762\" data-product_sku=\"GL1800\" aria-label=\"Add to cart: \u201cGold Wing GL1800 Landing Gears\u201d\" aria-describedby=\"\" rel=\"nofollow\" data-no-translation=\"\" data-trp-gettext=\"\" data-no-translation-aria-label=\"\">Sat\u0131n Al<\/a>                                    <\/div>\n            <\/div>\n        <\/div>\n        <\/div>\t<\/div>\n    \t<\/div>\t\t<\/div>\n\t\t\t\t<\/div>\n\t\t\t\t\t<\/div>\n\t\t<\/div>\n\t\t\t\t\t<\/div>\n\t\t<\/section>\n\t\t\t\t<\/div>","protected":false},"excerpt":{"rendered":"<p>Show All Harley Davidson Honda Harley Davidson Electra Glide Landing Gears &euro;0,00 Sat\u0131n Al Harley Davidson Street Glide Landing Gears &euro;0,00 Sat\u0131n Al Honda Gold Wing GL1800 New Edition Landing Gears &euro;0,00 Sat\u0131n Al Honda Gold Wing GL1500 Landing Gears &euro;0,00 Sat\u0131n Al Honda Gold Wing GL1800 Landing Gears &euro;0,00 Sat\u0131n Al<\/p>","protected":false},"author":5,"featured_media":0,"parent":0,"menu_order":11,"comment_status":"closed","ping_status":"closed","template":"","meta":{"footnotes":""},"class_list":["post-15445","page","type-page","status-publish","hentry"],"_links":{"self":[{"href":"https:\/\/dorjet.com\/en\/wp-json\/wp\/v2\/pages\/15445","targetHints":{"allow":["GET"]}}],"collection":[{"href":"https:\/\/dorjet.com\/en\/wp-json\/wp\/v2\/pages"}],"about":[{"href":"https:\/\/dorjet.com\/en\/wp-json\/wp\/v2\/types\/page"}],"author":[{"embeddable":true,"href":"https:\/\/dorjet.com\/en\/wp-json\/wp\/v2\/users\/5"}],"replies":[{"embeddable":true,"href":"https:\/\/dorjet.com\/en\/wp-json\/wp\/v2\/comments?post=15445"}],"version-history":[{"count":23,"href":"https:\/\/dorjet.com\/en\/wp-json\/wp\/v2\/pages\/15445\/revisions"}],"predecessor-version":[{"id":16726,"href":"https:\/\/dorjet.com\/en\/wp-json\/wp\/v2\/pages\/15445\/revisions\/16726"}],"wp:attachment":[{"href":"https:\/\/dorjet.com\/en\/wp-json\/wp\/v2\/media?parent=15445"}],"curies":[{"name":"wp","href":"https:\/\/api.w.org\/{rel}","templated":true}]}}