{"id":16170,"date":"2022-03-08T09:39:27","date_gmt":"2022-03-08T09:39:27","guid":{"rendered":"https:\/\/dorjet.com\/?page_id=16170"},"modified":"2024-03-06T15:32:09","modified_gmt":"2024-03-06T12:32:09","slug":"guarantee-inquiry","status":"publish","type":"page","link":"https:\/\/dorjet.com\/en\/guarantee-inquiry\/","title":{"rendered":"Guarantee Inquiry"},"content":{"rendered":"<div data-elementor-type=\"wp-page\" data-elementor-id=\"16170\" class=\"elementor elementor-16170\">\n\t\t\t\t\t\t<section class=\"elementor-section elementor-top-section elementor-element elementor-element-e09abdf elementor-section-boxed elementor-section-height-default elementor-section-height-default qodef-elementor-content-no\" data-id=\"e09abdf\" data-element_type=\"section\">\n\t\t\t\t\t\t<div class=\"elementor-container elementor-column-gap-default\">\n\t\t\t\t\t<div class=\"elementor-column elementor-col-100 elementor-top-column elementor-element elementor-element-806cf43\" data-id=\"806cf43\" data-element_type=\"column\">\n\t\t\t<div class=\"elementor-widget-wrap elementor-element-populated\">\n\t\t\t\t\n\n\t\t<div class=\"elementor-element elementor-element-1271ca8 elementor-widget elementor-widget-html\" data-id=\"1271ca8\" data-element_type=\"widget\" data-widget_type=\"html.default\">\n\t\t\t\t<div class=\"elementor-widget-container\">\n\t\t\t<form action=\"\">\r\n  \u00dcr\u00fcn ID:<br \/>\r\n  <input type=\"text\" name=\"adi\" \/><br \/>\r\n  Sipari\u015f NO:<br \/>\r\n  <input type=\"text\" name=\"soyadi\" \/>\r\n    <input type=\"submit\" \/>\r\n\r\n<input type=\"hidden\" name=\"trp-form-language\" value=\"en\"\/><\/form>\t\t<\/div>\n\t\t\t\t<\/div>\n\t\t\t\t\t<\/div>\n\t\t<\/div>\n\t\t\t\t\t<\/div>\n\t\t<\/section>\n\t\t\t\t<\/div>","protected":false},"excerpt":{"rendered":"<p>\u00dcr\u00fcn ID: Sipari\u015f NO:<\/p>","protected":false},"author":5,"featured_media":0,"parent":0,"menu_order":0,"comment_status":"closed","ping_status":"closed","template":"","meta":{"footnotes":""},"class_list":["post-16170","page","type-page","status-publish","hentry"],"_links":{"self":[{"href":"https:\/\/dorjet.com\/en\/wp-json\/wp\/v2\/pages\/16170","targetHints":{"allow":["GET"]}}],"collection":[{"href":"https:\/\/dorjet.com\/en\/wp-json\/wp\/v2\/pages"}],"about":[{"href":"https:\/\/dorjet.com\/en\/wp-json\/wp\/v2\/types\/page"}],"author":[{"embeddable":true,"href":"https:\/\/dorjet.com\/en\/wp-json\/wp\/v2\/users\/5"}],"replies":[{"embeddable":true,"href":"https:\/\/dorjet.com\/en\/wp-json\/wp\/v2\/comments?post=16170"}],"version-history":[{"count":4,"href":"https:\/\/dorjet.com\/en\/wp-json\/wp\/v2\/pages\/16170\/revisions"}],"predecessor-version":[{"id":16718,"href":"https:\/\/dorjet.com\/en\/wp-json\/wp\/v2\/pages\/16170\/revisions\/16718"}],"wp:attachment":[{"href":"https:\/\/dorjet.com\/en\/wp-json\/wp\/v2\/media?parent=16170"}],"curies":[{"name":"wp","href":"https:\/\/api.w.org\/{rel}","templated":true}]}}