

{"id":16453,"date":"2023-03-14T14:13:22","date_gmt":"2023-03-14T14:13:22","guid":{"rendered":"https:\/\/dorjet.com\/?page_id=16453"},"modified":"2024-03-06T15:32:23","modified_gmt":"2024-03-06T12:32:23","slug":"sales-policy","status":"publish","type":"page","link":"https:\/\/dorjet.com\/en\/sales-policy\/","title":{"rendered":"Sales Policy"},"content":{"rendered":"<div data-elementor-type=\"wp-page\" data-elementor-id=\"16453\" class=\"elementor elementor-16453\">\n\t\t\t\t\t\t<section class=\"elementor-section elementor-top-section elementor-element elementor-element-9cd1301 elementor-section-boxed elementor-section-height-default elementor-section-height-default qodef-elementor-content-no\" data-id=\"9cd1301\" data-element_type=\"section\">\n\t\t\t\t\t\t<div class=\"elementor-container elementor-column-gap-default\">\n\t\t\t\t\t<div class=\"elementor-column elementor-col-100 elementor-top-column elementor-element elementor-element-544fb0d\" data-id=\"544fb0d\" data-element_type=\"column\">\n\t\t\t<div class=\"elementor-widget-wrap elementor-element-populated\">\n\t\t\t\t\t\t<div class=\"elementor-element elementor-element-a54659f elementor-widget elementor-widget-text-editor\" data-id=\"a54659f\" data-element_type=\"widget\" data-widget_type=\"text-editor.default\">\n\t\t\t\t<div class=\"elementor-widget-container\">\n\t\t\t<style>\/*! elementor - v3.19.0 - 28-02-2024 *\/\n.elementor-widget-text-editor.elementor-drop-cap-view-stacked .elementor-drop-cap{background-color:#69727d;color:#fff}.elementor-widget-text-editor.elementor-drop-cap-view-framed .elementor-drop-cap{color:#69727d;border:3px solid;background-color:transparent}.elementor-widget-text-editor:not(.elementor-drop-cap-view-default) .elementor-drop-cap{margin-top:8px}.elementor-widget-text-editor:not(.elementor-drop-cap-view-default) .elementor-drop-cap-letter{width:1em;height:1em}.elementor-widget-text-editor .elementor-drop-cap{float:left;text-align:center;line-height:1;font-size:50px}.elementor-widget-text-editor .elementor-drop-cap-letter{display:inline-block}<\/style>\t\t\t\t<p>MESAFEL\u0130 SATI\u015e S\u00d6ZLE\u015eMES\u0130<\/p><ol><li>S\u00d6ZLE\u015eMEN\u0130N TARAFLARI<\/li><\/ol><p>Sat\u0131c\u0131: [Sat\u0131c\u0131n\u0131n Ad\u0131 Soyad\u0131 \/ Ticaret \u00dcnvan\u0131], [Adresi], [Telefon Numaras\u0131], [E-Posta Adresi]<\/p><p>Al\u0131c\u0131: [Al\u0131c\u0131n\u0131n Ad\u0131 Soyad\u0131], [Adresi], [Telefon Numaras\u0131], [E-Posta Adresi]<\/p><ol start=\"2\"><li>KONU<\/li><\/ol><p>\u0130\u015fbu s\u00f6zle\u015fmenin konusu, sat\u0131c\u0131n\u0131n a\u015fa\u011f\u0131da nitelikleri ve sat\u0131\u015f fiyat\u0131 belirtilen \u00fcr\u00fcn\u00fc sat\u0131\u015fa konu ederek, al\u0131c\u0131n\u0131n sat\u0131n alma talebini kabul etmesi ile, al\u0131c\u0131n\u0131n s\u00f6z konusu \u00fcr\u00fcn\u00fc sat\u0131n almas\u0131 ve sat\u0131c\u0131n\u0131n da s\u00f6z konusu \u00fcr\u00fcn\u00fc al\u0131c\u0131ya teslim etmesi ile ilgili olarak taraflar\u0131n hak ve y\u00fck\u00fcml\u00fcl\u00fcklerinin belirlenmesidir.<\/p><ol start=\"3\"><li>S\u00d6ZLE\u015eME KONUSU \u00dcR\u00dcN\u00dcN \u00d6ZELL\u0130KLER\u0130<\/li><\/ol><p>\u00dcr\u00fcn Ad\u0131: [\u00fcr\u00fcn\u00fcn ad\u0131]<\/p><p>Marka\/Model: [\u00fcr\u00fcn\u00fcn markas\u0131\/modeli]<\/p><p>Miktar: [\u00fcr\u00fcn miktar\u0131]<\/p><p>Renk: [\u00fcr\u00fcn rengi]<\/p><p>Birim Fiyat: [\u00fcr\u00fcn\u00fcn birim fiyat\u0131]<\/p><p>KDV Dahil Toplam Fiyat: [\u00fcr\u00fcn\u00fcn toplam fiyat\u0131]<\/p><ol start=\"4\"><li>\u00d6DEME \u015eEKL\u0130<\/li><\/ol><p>Al\u0131c\u0131, \u00fcr\u00fcn bedelini a\u015fa\u011f\u0131daki \u00f6deme y\u00f6ntemlerinden birini se\u00e7erek \u00f6deyecektir:<\/p><p>\u00d6deme Y\u00f6ntemi: [\u00f6deme y\u00f6ntemi (kredi kart\u0131, banka havalesi, vb.)]<\/p><ol start=\"5\"><li>TESL\u0130MAT<\/li><\/ol><p>\u00dcr\u00fcn, al\u0131c\u0131n\u0131n yukar\u0131da belirtilen adresine, kargo veya kurye ile teslim edilecektir. Teslimat s\u00fcresi, \u00fcr\u00fcn\u00fcn sto\u011fa giri\u015f tarihinden itibaren [teslimat s\u00fcresi] g\u00fcn i\u00e7inde yap\u0131lacakt\u0131r.<\/p><ol start=\"6\"><li>CAYMA HAKKI<\/li><\/ol><p>Al\u0131c\u0131, \u00fcr\u00fcn\u00fc teslim ald\u0131ktan sonra [cayma s\u00fcresi] g\u00fcn i\u00e7inde herhangi bir gerek\u00e7e g\u00f6stermeksizin s\u00f6zle\u015fmeden cayma hakk\u0131na sahiptir. Cayma hakk\u0131n\u0131n kullan\u0131lmas\u0131 i\u00e7in al\u0131c\u0131n\u0131n sat\u0131c\u0131ya iadeli taahh\u00fctl\u00fc posta veya e-posta yoluyla bildirimde bulunmas\u0131 gerekmektedir.<\/p><ol start=\"7\"><li>\u0130ADE KO\u015eULLARI<\/li><\/ol><p>Cayma hakk\u0131 kullan\u0131ld\u0131\u011f\u0131nda, \u00fcr\u00fcn\u00fcn kullan\u0131lmam\u0131\u015f, tahrip edilmemi\u015f, ambalaj\u0131n\u0131n a\u00e7\u0131lmam\u0131\u015f ve tekrar sat\u0131labilirli\u011fi bozulmam\u0131\u015f olmas\u0131 \u015fart\u0131yla, sat\u0131c\u0131 \u00fcr\u00fcn bedelini, al\u0131c\u0131n\u0131n \u00f6deme yapt\u0131\u011f\u0131 y\u00f6nteme uygun olarak iade edecektir.<\/p><ol start=\"8\"><li>TARAFLARIN HAK VE Y\u00dcK\u00dcML\u00dcL\u00dcKLER\u0130<\/li><\/ol><p>a) Sat\u0131c\u0131, s\u00f6zle\u015fme konusu \u00fcr\u00fcn\u00fc, kaliteli\u011fi ve \u00f6zellikleri belirtilen \u015fekilde, zaman\u0131nda ve tam olarak teslim etmekle y\u00fck\u00fcml\u00fcd\u00fcr.<\/p><p>b) Al\u0131c\u0131, s\u00f6zle\u015fme konusu \u00fcr\u00fcn\u00fcn bedelini \u00f6demekle y\u00fck\u00fcml\u00fcd\u00fcr. Al\u0131c\u0131n\u0131n \u00f6deme yapt\u0131\u011f\u0131 y\u00f6nteme uygun olarak iade ko\u015fullar\u0131 sa\u011fland\u0131\u011f\u0131 takdirde, sat\u0131c\u0131 \u00fcr\u00fcn bedelini iade edecektir.<\/p><p>c) Al\u0131c\u0131, cayma hakk\u0131n\u0131 kullanarak \u00fcr\u00fcn\u00fc iade etti\u011fi takdirde, iade i\u015fleminin ger\u00e7ekle\u015ftirilmesi i\u00e7in \u00fcr\u00fcn\u00fcn tekrar sat\u0131labilirli\u011finin bozulmam\u0131\u015f olmas\u0131 gerekti\u011fini kabul eder.<\/p><p>d) Al\u0131c\u0131, \u00fcr\u00fcn\u00fc teslim almadan \u00f6nce \u00fcr\u00fcn\u00fc kontrol etmeli ve herhangi bir hasar, eksiklik veya yanl\u0131\u015fl\u0131k tespit etti\u011finde, teslimat firmas\u0131na tutanak tutturarak \u00fcr\u00fcn\u00fc teslim almay\u0131 kabul etmemelidir.<\/p><ol start=\"9\"><li>S\u00d6ZLE\u015eMEN\u0130N FESH\u0130<\/li><\/ol><p>Taraflar, i\u015fbu s\u00f6zle\u015fmeyi herhangi bir sebep g\u00f6stermeksizin feshedebilirler. Fesih i\u015flemi, kar\u015f\u0131 tarafa yaz\u0131l\u0131 olarak bildirilmelidir.<\/p><ol start=\"10\"><li>YETK\u0130L\u0130 MAHKEME<\/li><\/ol><p>\u0130\u015fbu s\u00f6zle\u015fmeden do\u011fan uyu\u015fmazl\u0131klarda Karaman Adliyesi Mahkemeleri ve \u0130cra Daireleri yetkilidir.<\/p><ol start=\"11\"><li>SON H\u00dcK\u00dcMLER<\/li><\/ol><p>\u0130\u015fbu s\u00f6zle\u015fme, taraflar aras\u0131nda yap\u0131lan yaz\u0131l\u0131 bir anla\u015fmad\u0131r ve s\u00f6zle\u015fmenin konusuna ili\u015fkin taraflar aras\u0131nda var\u0131lan herhangi bir anla\u015fma s\u00f6zle\u015fmeye dahil edilmi\u015ftir. \u0130\u015fbu s\u00f6zle\u015fme, her iki taraf\u0131n imzas\u0131yla ge\u00e7erli olacakt\u0131r.<\/p><p>\u0130\u015fbu s\u00f6zle\u015fme, taraflar\u0131n hak ve y\u00fck\u00fcml\u00fcl\u00fcklerini belirledi\u011finden, taraflar s\u00f6zle\u015fmede belirtilmeyen konularda yaz\u0131l\u0131 anla\u015fma yapmad\u0131klar\u0131 s\u00fcrece, s\u00f6zle\u015fmede belirtilen h\u00fck\u00fcmlere uyacaklard\u0131r.<\/p><p>Taraflar, i\u015fbu s\u00f6zle\u015fmenin h\u00fck\u00fcmlerini kabul etmek i\u00e7in imza atarak, s\u00f6zle\u015fmeyi y\u00fcr\u00fcrl\u00fc\u011fe koymu\u015flard\u0131r.<\/p><p>Sat\u0131c\u0131: [Sat\u0131c\u0131n\u0131n Ad\u0131 Soyad\u0131 \/ Ticaret \u00dcnvan\u0131]<\/p><p>Al\u0131c\u0131: [Al\u0131c\u0131n\u0131n Ad\u0131 Soyad\u0131]<\/p><p>Tarih: [S\u00f6zle\u015fmenin Tarihi]<\/p>\t\t\t\t\t\t<\/div>\n\t\t\t\t<\/div>\n\t\t\t\t\t<\/div>\n\t\t<\/div>\n\t\t\t\t\t<\/div>\n\t\t<\/section>\n\t\t\t\t<\/div>","protected":false},"excerpt":{"rendered":"<p>MESAFEL\u0130 SATI\u015e S\u00d6ZLE\u015eMES\u0130 S\u00d6ZLE\u015eMEN\u0130N TARAFLARI Sat\u0131c\u0131: [Sat\u0131c\u0131n\u0131n Ad\u0131 Soyad\u0131 \/ Ticaret \u00dcnvan\u0131], [Adresi], [Telefon Numaras\u0131], [E-Posta Adresi] Al\u0131c\u0131: [Al\u0131c\u0131n\u0131n Ad\u0131 Soyad\u0131], [Adresi], [Telefon Numaras\u0131], [E-Posta Adresi] KONU \u0130\u015fbu s\u00f6zle\u015fmenin konusu, sat\u0131c\u0131n\u0131n a\u015fa\u011f\u0131da nitelikleri ve sat\u0131\u015f fiyat\u0131 belirtilen \u00fcr\u00fcn\u00fc sat\u0131\u015fa konu ederek, al\u0131c\u0131n\u0131n sat\u0131n alma talebini kabul etmesi ile, al\u0131c\u0131n\u0131n s\u00f6z konusu \u00fcr\u00fcn\u00fc sat\u0131n almas\u0131 ve [&hellip;]<\/p>","protected":false},"author":5,"featured_media":0,"parent":0,"menu_order":0,"comment_status":"closed","ping_status":"closed","template":"","meta":{"footnotes":""},"class_list":["post-16453","page","type-page","status-publish","hentry"],"_links":{"self":[{"href":"https:\/\/dorjet.com\/en\/wp-json\/wp\/v2\/pages\/16453","targetHints":{"allow":["GET"]}}],"collection":[{"href":"https:\/\/dorjet.com\/en\/wp-json\/wp\/v2\/pages"}],"about":[{"href":"https:\/\/dorjet.com\/en\/wp-json\/wp\/v2\/types\/page"}],"author":[{"embeddable":true,"href":"https:\/\/dorjet.com\/en\/wp-json\/wp\/v2\/users\/5"}],"replies":[{"embeddable":true,"href":"https:\/\/dorjet.com\/en\/wp-json\/wp\/v2\/comments?post=16453"}],"version-history":[{"count":8,"href":"https:\/\/dorjet.com\/en\/wp-json\/wp\/v2\/pages\/16453\/revisions"}],"predecessor-version":[{"id":16719,"href":"https:\/\/dorjet.com\/en\/wp-json\/wp\/v2\/pages\/16453\/revisions\/16719"}],"wp:attachment":[{"href":"https:\/\/dorjet.com\/en\/wp-json\/wp\/v2\/media?parent=16453"}],"curies":[{"name":"wp","href":"https:\/\/api.w.org\/{rel}","templated":true}]}}