

{"id":16459,"date":"2023-03-14T14:38:12","date_gmt":"2023-03-14T14:38:12","guid":{"rendered":"https:\/\/dorjet.com\/?page_id=16459"},"modified":"2024-03-06T15:31:32","modified_gmt":"2024-03-06T12:31:32","slug":"privacy-policy","status":"publish","type":"page","link":"https:\/\/dorjet.com\/en\/privacy-policy\/","title":{"rendered":"Privacy Policy"},"content":{"rendered":"<div data-elementor-type=\"wp-page\" data-elementor-id=\"16459\" class=\"elementor elementor-16459\">\n\t\t\t\t\t\t<section class=\"elementor-section elementor-top-section elementor-element elementor-element-c78e385 elementor-section-boxed elementor-section-height-default elementor-section-height-default qodef-elementor-content-no\" data-id=\"c78e385\" data-element_type=\"section\">\n\t\t\t\t\t\t<div class=\"elementor-container elementor-column-gap-default\">\n\t\t\t\t\t<div class=\"elementor-column elementor-col-100 elementor-top-column elementor-element elementor-element-0e91e3b\" data-id=\"0e91e3b\" data-element_type=\"column\">\n\t\t\t<div class=\"elementor-widget-wrap elementor-element-populated\">\n\t\t\t\t\t\t<div class=\"elementor-element elementor-element-4615d93 elementor-widget elementor-widget-text-editor\" data-id=\"4615d93\" data-element_type=\"widget\" data-widget_type=\"text-editor.default\">\n\t\t\t\t<div class=\"elementor-widget-container\">\n\t\t\t<style>\/*! elementor - v3.19.0 - 28-02-2024 *\/\n.elementor-widget-text-editor.elementor-drop-cap-view-stacked .elementor-drop-cap{background-color:#69727d;color:#fff}.elementor-widget-text-editor.elementor-drop-cap-view-framed .elementor-drop-cap{color:#69727d;border:3px solid;background-color:transparent}.elementor-widget-text-editor:not(.elementor-drop-cap-view-default) .elementor-drop-cap{margin-top:8px}.elementor-widget-text-editor:not(.elementor-drop-cap-view-default) .elementor-drop-cap-letter{width:1em;height:1em}.elementor-widget-text-editor .elementor-drop-cap{float:left;text-align:center;line-height:1;font-size:50px}.elementor-widget-text-editor .elementor-drop-cap-letter{display:inline-block}<\/style>\t\t\t\t\t\t\t\t\t\t<\/div>\n\t\t\t\t<\/div>\n\t\t\t\t\t<\/div>\n\t\t<\/div>\n\t\t\t\t\t<\/div>\n\t\t<\/section>\n\t\t\t\t<section class=\"elementor-section elementor-top-section elementor-element elementor-element-d0873cc elementor-section-boxed elementor-section-height-default elementor-section-height-default qodef-elementor-content-no\" data-id=\"d0873cc\" data-element_type=\"section\">\n\t\t\t\t\t\t<div class=\"elementor-container elementor-column-gap-default\">\n\t\t\t\t\t<div class=\"elementor-column elementor-col-100 elementor-top-column elementor-element elementor-element-e127262\" data-id=\"e127262\" data-element_type=\"column\">\n\t\t\t<div class=\"elementor-widget-wrap elementor-element-populated\">\n\t\t\t\t\t\t<div class=\"elementor-element elementor-element-509ade4 elementor-widget elementor-widget-text-editor\" data-id=\"509ade4\" data-element_type=\"widget\" data-widget_type=\"text-editor.default\">\n\t\t\t\t<div class=\"elementor-widget-container\">\n\t\t\t\t\t\t\t<p>Ki\u015fisel Verilerin Korunmas\u0131 Ayd\u0131nlatma Metni<\/p><p>Ki\u015fisel verilerinizin korunmas\u0131 6698 say\u0131l\u0131 Ki\u015fisel Verilerin Korunmas\u0131 Kanunu (\u201cKanun\u201d) uyar\u0131nca veri sorumlusu s\u0131fat\u0131yla hareket eden\u00a0<a href=\"https:\/\/www.whiterose.com.tr\/\" target=\"_blank\" rel=\"noopener\">Dorjet<\/a> Otomasyon A.\u015e.\u00a0(\u201c\u015eirket\u201d) en \u00f6nemli \u00f6ncelikleri aras\u0131ndad\u0131r. \u0130\u015fbu Ayd\u0131nlatma Metni do\u011frultusunda\u00a0\u015eirket\u00a0internet sitesi veya\u00a0\u015eirket\u00a0mobil uygulamas\u0131 da d\u00e2hil olmak \u00fczere \u015eirketimiz taraf\u0131ndan i\u015flenen ki\u015fisel verilere y\u00f6nelik sizleri ayd\u0131nlat\u0131larak Kanun uyar\u0131nca gerekli \u015feffafl\u0131\u011f\u0131n sa\u011flanmas\u0131 ama\u00e7lanmaktad\u0131r.<\/p><p>Ki\u015fisel Verilerin\u00a0\u0130\u015fleme Amac\u0131 ve Hukuki Sebep<\/p><p>\u015eirketimizin sunmu\u015f oldu\u011fu \u00fcr\u00fcn ve hizmetlerden faydalanman\u0131z s\u0131ras\u0131nda a\u015fa\u011f\u0131da detayl\u0131 \u015fekilde a\u00e7\u0131klanan ki\u015fisel verileriniz Kanun\u2019un 4. maddesinde temel ilkelere uygun olarak i\u015flenmektedir.<\/p><table width=\"1290\"><tbody><tr><td width=\"373\"><p><strong>Ki\u015fisel Verilerinizin \u0130\u015flenme Amac\u0131<\/strong><\/p><\/td><td width=\"208\">\u00a0<\/td><td width=\"208\"><p><strong>Ki\u015fisel Verileriniz<\/strong><\/p><\/td><td width=\"10\"><p><strong>Hukuki Sebep<\/strong><\/p><\/td><\/tr><tr><td width=\"373\"><p><b>\u015eirket<\/b><strong> Mobil Uygulama \u00dcyeli\u011finizin Olmas\u0131 Durumunda<\/strong><\/p><\/td><td width=\"208\"><p>\u00dcyelik i\u015flemlerinin (\u00fcyelik olu\u015fturulmas\u0131, iptali veya bilgi g\u00fcncelleme) ger\u00e7ekle\u015ftirilmesi<\/p><\/td><td width=\"208\"><p>Kimlik Bilgileriniz (Ad Soyad, TCKN)<\/p><p>\u0130leti\u015fim Bilgileri (Cep Telefonu Numaras\u0131, E-posta, Adres)<\/p><\/td><td width=\"10\"><p>Bir s\u00f6zle\u015fmenin kurulmas\u0131 veya ifas\u0131yla do\u011frudan do\u011fruya ilgili olmas\u0131<\/p><\/td><\/tr><tr><td width=\"373\">\u00a0<\/td><td width=\"208\"><p>Mobil uygulama \u00fczerinden mobil \u00f6deme yapabilmenizi sa\u011flamak<\/p><\/td><td width=\"208\"><p>Finansal Bilgi (Kart Bilgileri)<\/p><\/td><td width=\"10\"><p>Bir s\u00f6zle\u015fmenin kurulmas\u0131 veya ifas\u0131yla do\u011frudan do\u011fruya ilgili olmas\u0131<\/p><\/td><\/tr><tr><td width=\"373\">\u00a0<\/td><td width=\"208\"><p>Fatura d\u00fczenlenmesi veya fatura iptali i\u015flemlerinin yerine getirilmesi<\/p><\/td><td width=\"208\"><p>Kimlik Bilgileriniz (Ad Soyad\u0131, TCKN) \u0130leti\u015fim Bilgileri (Cep Telefonu Numaras\u0131, E-posta, Adres)<\/p><\/td><td width=\"10\"><p>Veri sorumlusunun hukuki y\u00fck\u00fcml\u00fcl\u00fc\u011f\u00fcn\u00fc yerine getirebilmesi i\u00e7in zorunlu olmas\u0131<\/p><\/td><\/tr><tr><td width=\"373\">\u00a0<\/td><td width=\"208\"><p>\u0130leti\u015fim izinlerinizi y\u00f6netmenizi sa\u011flanmak<\/p><\/td><td width=\"208\"><p>\u0130leti\u015fim Bilgileri (Cep Telefonu Numaras\u0131, E-posta)<\/p><p>Kullan\u0131c\u0131 Bilgisi (\u0130zin Durum Bilgisi)<\/p><\/td><td width=\"10\"><p>Bir hakk\u0131n tesisi, kullan\u0131lmas\u0131 veya korunmas\u0131 i\u00e7in veri i\u015flemenin zorunlu olmas\u0131.<\/p><\/td><\/tr><tr><td width=\"373\"><p><b>\u015eirket<\/b><strong> Kart Talep Edilmesi Durumunda<\/strong><\/p><\/td><td width=\"208\"><p>\u015eirket Kart\u0131n sizlere ula\u015ft\u0131r\u0131lmas\u0131n\u0131n sa\u011flanmas\u0131<\/p><\/td><td width=\"208\"><p>Kimlik Bilgileriniz (Ad Soyad\u0131)<\/p><p>\u0130leti\u015fim Bilgileri (Adres, Telefonu Numaras\u0131 )<\/p><\/td><td width=\"10\"><p>Bir s\u00f6zle\u015fmenin kurulmas\u0131 veya ifas\u0131yla do\u011frudan do\u011fruya ilgili olmas\u0131<\/p><\/td><\/tr><tr><td width=\"373\"><p><strong>Ki\u015fisel Bilgilerinizin G\u00fcvenli\u011finin Sa\u011flanmas\u0131<\/strong><\/p><\/td><td width=\"208\"><p>Ki\u015fisel verilerinizin korunmas\u0131 i\u00e7in gerekli veri g\u00fcvenli\u011fi \u00f6nlemlerinin al\u0131nmas\u0131<\/p><p>\u0130leti\u015fim bilgilerinin do\u011frulu\u011funun sa\u011flanmas\u0131<\/p><\/td><td width=\"208\"><p>\u0130\u015flem G\u00fcvenli\u011fi Bilgisi (\u015fifre bilgileri) \u0130leti\u015fim Bilgileri (Cep Telefonu Numaras\u0131, E-posta)<\/p><\/td><td width=\"10\"><p>Veri sorumlusunun hukuki y\u00fck\u00fcml\u00fcl\u00fc\u011f\u00fcn\u00fc yerine getirebilmesi i\u00e7in zorunlu olmas\u0131<\/p><\/td><\/tr><tr><td width=\"373\"><p><strong>Kullan\u0131c\u0131 Deste\u011fi Sa\u011flanmas\u0131<\/strong><\/p><\/td><td width=\"208\"><p>Taleplerinizin al\u0131nmas\u0131, sonu\u00e7land\u0131r\u0131lmas\u0131, gerekli deste\u011fin sa\u011flanmas\u0131,<\/p><\/td><td width=\"208\"><p>Kimlik Bilgileriniz (Ad Soyad\u0131)<\/p><p>\u0130leti\u015fim Bilgileri (Cep Telefonu Numaras\u0131, E-posta, Adres)<\/p><\/td><td width=\"10\"><p>Bir s\u00f6zle\u015fmenin kurulmas\u0131 veya ifas\u0131yla do\u011frudan do\u011fruya ilgili olmas\u0131<\/p><\/td><\/tr><tr><td width=\"373\">\u00a0<\/td><td width=\"208\"><p>Kullan\u0131c\u0131 memnuniyetinin sa\u011flanmas\u0131<\/p><\/td><td width=\"208\"><p>Kimlik Bilgileriniz (Ad Soyad\u0131)<\/p><p>\u0130leti\u015fim Bilgileri (Cep Telefonu Numaras\u0131, E-posta, Adres)<\/p><\/td><td width=\"10\"><p>Veri sorumlusunun me\u015fru menfaatleri i\u00e7in veri i\u015flenmesinin zorunlu olmas\u0131.<\/p><\/td><\/tr><tr><td width=\"373\"><p><strong>Mevzuattan Kaynakl\u0131 Y\u00fck\u00fcml\u00fcl\u00fcklerin Yerine Getirilmesi<\/strong><\/p><\/td><td width=\"208\"><p>Resmi kurum veya kuru\u015flara bilgi verilmesi, talep edilen bilgi ve belgelerin sunulmas\u0131<\/p><\/td><td width=\"208\"><p>Kimlik Bilgileriniz (Ad Soyad\u0131, TCKN)<\/p><p>\u0130leti\u015fim Bilgileri (Cep Telefonu Numaras\u0131, E-posta, Adres)<\/p><p>Finansal Bilgi (Kart Bilgileri)<\/p><\/td><td width=\"10\"><p>Veri sorumlusunun hukuki y\u00fck\u00fcml\u00fcl\u00fc\u011f\u00fcn\u00fc yerine getirebilmesi i\u00e7in zorunlu olmas\u0131<\/p><\/td><\/tr><tr><td width=\"373\">\u00a0<\/td><td width=\"208\"><p>Muhasebe ve finans s\u00fcre\u00e7lerinin y\u00fcr\u00fct\u00fclmesi<\/p><\/td><td width=\"208\"><p>Kimlik Bilgileriniz (Ad Soyad\u0131, TCKN)<\/p><p>Finansal Bilgi (Kart Bilgileri)<\/p><\/td><td width=\"10\"><p>Veri sorumlusunun hukuki y\u00fck\u00fcml\u00fcl\u00fc\u011f\u00fcn\u00fc yerine getirebilmesi i\u00e7in zorunlu olmas\u0131<\/p><\/td><\/tr><tr><td width=\"373\">\u00a0<\/td><td width=\"208\"><p>Denetim faaliyetlerinin y\u00fcr\u00fct\u00fclmesi<\/p><\/td><td width=\"208\"><p>Kimlik Bilgileriniz (Ad Soyad\u0131, TCKN)<\/p><p>\u0130leti\u015fim Bilgileri (Cep Telefonu Numaras\u0131, E-posta, Adres)<\/p><p>Finansal Bilgi (Kart Bilgileri)<\/p><\/td><td width=\"10\">\u00a0<\/td><\/tr><tr><td width=\"373\"><p><strong>Hukuki s\u00fcre\u00e7lerin y\u00fcr\u00fct\u00fcm\u00fc<\/strong><\/p><\/td><td width=\"208\"><p>Hukuki s\u00fcre\u00e7lere konu olmas\u0131 durumunda takibi ve gerekli bilgilerin sunumu<\/p><\/td><td width=\"208\"><p>\u00a0Kimlik Bilgileriniz (Ad Soyad\u0131, TCKN)<\/p><p>\u0130leti\u015fim Bilgileri (Cep Telefonu Numaras\u0131, E-posta, Adres)<\/p><p>Kullan\u0131c\u0131 Bilgisi (Ara\u00e7 Bilgisi, Kullan\u0131c\u0131 Talep veya \u015eik\u00e2yetleri)<\/p><\/td><td width=\"10\"><p>Veri sorumlusunun hukuki y\u00fck\u00fcml\u00fcl\u00fc\u011f\u00fcn\u00fc yerine getirebilmesi i\u00e7in zorunlu olmas\u0131.<\/p><p>Bir hakk\u0131n tesisi, kullan\u0131lmas\u0131 veya korunmas\u0131 i\u00e7in veri i\u015flemenin zorunlu olmas\u0131.<\/p><p>Veri sorumlusunun me\u015fru menfaatleri i\u00e7in veri i\u015flenmesinin zorunlu olmas\u0131.<\/p><\/td><\/tr><\/tbody><\/table><p>A\u00e7\u0131k R\u0131zan\u0131z Do\u011frultusunda Ki\u015fisel Verilerinizin \u0130\u015flenmesi<\/p><p>Pazarlama Faaliyetleri<\/p><p>Kanun kapsam\u0131nda baz\u0131 ama\u00e7lar d\u00e2hilinde ki\u015fisel verilerin i\u015flenebilmesi i\u00e7in ilgilinin a\u00e7\u0131k r\u0131zas\u0131n\u0131n al\u0131nm\u0131\u015f olmas\u0131 gerekmektedir. Kanun\u2019daki ki\u015fisel veri i\u015fleme \u015fartlar\u0131 do\u011frultusunda hareket eden \u015eirketimiz a\u015fa\u011f\u0131da yer alan ki\u015fisel veri i\u015fleme ama\u00e7lar\u0131 do\u011frultusunda \u00fczere ki\u015fisel verilerinizi ancak onay vermi\u015f olman\u0131z halinde, Hizmetlerimizin sizlerin be\u011fenilerinize, kullan\u0131m al\u0131\u015fkanl\u0131klar\u0131n\u0131za ve ihtiya\u00e7lar\u0131n\u0131za g\u00f6re \u00f6zelle\u015ftirilerek sizlere \u00f6nerilmesi; analiz, segmentasyon veya hedefleme \u00e7al\u0131\u015fmalar\u0131n\u0131n y\u00fcr\u00fct\u00fclmesi; size \u00f6zel \u00fcr\u00fcn veya hizmet tekliflerinin, yeni \u00fcr\u00fcn duyurular\u0131n\u0131n, kampanyalar\u0131n, promosyonlar\u0131n sunumu ile di\u011fer pazarlama aktivitelerinin y\u00fcr\u00fct\u00fclmesi; anket ve m\u00fc\u015fteri memnuniyet \u00f6l\u00e7\u00fcm\u00fc \u00e7al\u0131\u015fmalar\u0131n\u0131n ger\u00e7ekle\u015ftirilmesi ve bu kapsamda sizlerle elektronik yollarla ileti\u015fime ge\u00e7ilmesi ama\u00e7lar\u0131 ile i\u015flenebilecek ve ama\u00e7lar do\u011frultusunda hizmet ald\u0131\u011f\u0131m\u0131z \u00fc\u00e7\u00fcnc\u00fc ki\u015fi tedarik\u00e7ilerimizle payla\u015f\u0131labilecektir.<\/p><p>\u015eirket Mobil uygulamas\u0131n\u0131n konum servislerinize eri\u015fimini istedi\u011finiz herhangi bir vakitte kald\u0131rma imk\u00e2n\u0131n\u0131z bulunmaktad\u0131r. \u0130lgili i\u015flem telefonunuzun uygulama ayarlar\u0131nda yer alan konum servislerine eri\u015fimine ili\u015fkin b\u00f6l\u00fcmden ger\u00e7ekle\u015ftirilebilecektir.<\/p><p>Ki\u015fisel Veri\u00a0Toplaman\u0131n Y\u00f6ntemi ve Hukuki Sebebi<\/p><p>Ki\u015fisel verileriniz, i\u015fbu Ayd\u0131nlatma Metninin birinci ba\u015fl\u0131\u011f\u0131 alt\u0131nda yer verilen ama\u00e7lar\u0131n yerine getirilmesi kapsam\u0131nda yukar\u0131da belirtilen hukuki sebepler do\u011frultusunda \u015eirket Mobil Uygulama, \u00c7a\u011fr\u0131 Merkezi, WhatsApp, E-posta ve Sosyal Medya vas\u0131talar\u0131 ile elde edilmektedir.<\/p><p>Ki\u015fisel Verilerinizin\u00a0Aktar\u0131ld\u0131\u011f\u0131 Taraflar<\/p><p>Ki\u015fisel verileriniz Kanun\u2019un ki\u015fisel verilerin aktar\u0131m\u0131na ili\u015fkin maddesinde belirtilen \u015fartlara uygun \u015fekilde, a\u015fa\u011f\u0131daki ki\u015filere belirtilen ama\u00e7lar do\u011frultusunda aktar\u0131labilecektir.<\/p><table width=\"1290\"><tbody><tr><td><p><strong>Aktar\u0131lma Amac\u0131<\/strong><\/p><\/td><td><p><strong>Aktar\u0131lan Ki\u015fisel Verileriniz<\/strong><\/p><\/td><td><p><strong>Hukuki Sebep<\/strong><\/p><\/td><\/tr><tr><td><p>Mobil uygulama \u00fcyeli\u011finiz olmas\u0131 durumunda bilgi teknolojileri kapsam\u0131nda yaz\u0131l\u0131m, bak\u0131m, g\u00fcvenlik ve ki\u015fisel verileri bar\u0131nd\u0131rma &#8211; konular\u0131nda hizmet al\u0131nan tedarik\u00e7ilerimiz.<\/p><\/td><td><p>Kimlik Bilgileriniz (Ad Soyad, TCKN)<\/p><p>\u0130leti\u015fim Bilgileri (Cep Telefonu Numaras\u0131, E-posta, Adres)<\/p><p>Finansal Bilgi (Kart Bilgileri)<\/p><\/td><td><p>Veri sorumlusunun me\u015fru menfaatleri i\u00e7in veri i\u015flenmesinin zorunlu olmas\u0131.<\/p><\/td><\/tr><tr><td><p>\u00c7a\u011fr\u0131 merkezi kanal\u0131 ile taleplerinizin sonu\u00e7land\u0131r\u0131lmas\u0131 ama\u00e7l\u0131 hizmet al\u0131nan tedarik\u00e7ilerimiz<\/p><\/td><td><p>Kimlik Bilgileriniz (Ad Soyad)<\/p><p>\u0130leti\u015fim Bilgileri (Cep Telefonu Numaras\u0131, E-posta, Adres)<\/p><\/td><td><p>Veri sorumlusunun me\u015fru menfaatleri i\u00e7in veri i\u015flenmesinin zorunlu olmas\u0131.<\/p><\/td><\/tr><tr><td><p>WhatsApp arac\u0131l\u0131\u011f\u0131 ile talep ve \u015fik\u00e2yetlerinizin al\u0131nmas\u0131 ve sonu\u00e7land\u0131r\u0131lmas\u0131 ama\u00e7l\u0131 hizmet al\u0131nan tedarik\u00e7ilerimiz<\/p><\/td><td><p>Kimlik Bilgileriniz (Ad Soyad)<\/p><p>\u0130leti\u015fim Bilgileri (Cep Telefonu Numaras\u0131, E-posta, Adres)<\/p><\/td><td><p>Veri sorumlusunun me\u015fru menfaatleri i\u00e7in veri i\u015flenmesinin zorunlu olmas\u0131.<\/p><\/td><\/tr><tr><td><p>Sosyal Medya kanal\u0131 ile taleplerinizin sonu\u00e7land\u0131r\u0131lmas\u0131 ama\u00e7l\u0131 hizmet al\u0131nan tedarik\u00e7ilerimiz<\/p><\/td><td><p>Kimlik Bilgileriniz (Ad Soyad)<\/p><p>\u0130leti\u015fim Bilgileri (Cep Telefonu Numaras\u0131, E-posta, Adres)<\/p><\/td><td><p>\u0130lgili ki\u015finin kendisi taraf\u0131ndan alenile\u015ftirilmi\u015f olmas\u0131.<\/p><\/td><\/tr><tr><td><p>Taraf\u0131n\u0131za ileti g\u00f6nderilmesi ama\u00e7l\u0131 hizmet al\u0131nan tedarik\u00e7ilerimiz<\/p><\/td><td><p>\u0130leti\u015fim Bilgileri (Cep Telefonu Numaras\u0131, E-posta)<\/p><p>Kullan\u0131c\u0131 Bilgisi (\u0130zin Durum Bilgisi)<\/p><\/td><td><p>Veri sorumlusunun me\u015fru menfaatleri i\u00e7in veri i\u015flenmesinin zorunlu olmas\u0131.<\/p><\/td><\/tr><tr><td><p>\u015eirket Kart teslimi amac\u0131yla kargo hizmeti al\u0131nan tedarik\u00e7ilerimiz<\/p><\/td><td><p>Kimlik Bilgileriniz (Ad Soyad\u0131)<\/p><p>\u0130leti\u015fim Bilgileri (Adres, Cep Telefonu Numaras\u0131)<\/p><\/td><td><p>Veri sorumlusunun me\u015fru menfaatleri i\u00e7in veri i\u015flenmesinin zorunlu olmas\u0131.<\/p><\/td><\/tr><tr><td><p>Kart saklama hizmeti al\u0131nan tedarik\u00e7ilerimiz<\/p><\/td><td><p>Finansal Bilgi (Kart Bilgileri<\/p><\/td><td><p>Veri sorumlusunun me\u015fru menfaatleri i\u00e7in veri i\u015flenmesinin zorunlu olmas\u0131.<\/p><\/td><\/tr><tr><td><p>Hukuki y\u00fck\u00fcml\u00fcl\u00fcklerimiz kapsam\u0131nda kanunen yetkili kamu kurumlar\u0131 ile kanunen yetkili \u00f6zel kurumlar ile hukuki destek ald\u0131\u011f\u0131m\u0131z i\u015f ortaklar\u0131m\u0131z<\/p><\/td><td><p>Kimlik Bilgileriniz (Ad Soyad\u0131,\u00a0 TCKN)<\/p><p>\u0130leti\u015fim Bilgileri (Cep Telefonu Numaras\u0131, E-posta, Adres)<\/p><p>Finansal Bilgi (Kart Bilgileri)<\/p><\/td><td><p>Veri sorumlusunun hukuki y\u00fck\u00fcml\u00fcl\u00fc\u011f\u00fcn\u00fc yerine getirebilmesi i\u00e7in zorunlu olmas\u0131.<\/p><p>Bir hakk\u0131n tesisi, kullan\u0131lmas\u0131 veya korunmas\u0131 i\u00e7in veri i\u015flemenin zorunlu olmas\u0131.<\/p><p>Veri sorumlusunun me\u015fru menfaatleri i\u00e7in veri i\u015flenmesinin zorunlu olmas\u0131.<\/p><\/td><\/tr><\/tbody><\/table><p>\u0130lgili Ki\u015finin Olarak Haklar\u0131n\u0131z<\/p><p>\u0130lgili ki\u015fi olarak Kanun\u2019un 11. maddesi uyar\u0131nca a\u015fa\u011f\u0131daki haklara sahip oldu\u011funuzu bildiririz:<\/p><ul><li>Ki\u015fisel verilerinizin i\u015flenip i\u015flenmedi\u011fini \u00f6\u011frenme,<\/li><li>Ki\u015fisel verilerinizin i\u015flenmesi halinde buna ili\u015fkin bilgi talep etme,<\/li><li>Ki\u015fisel verilerinizin i\u015flenme amac\u0131n\u0131 ve bunlar\u0131n amac\u0131na uygun kullan\u0131l\u0131p kullan\u0131lmad\u0131\u011f\u0131n\u0131 \u00f6\u011frenme,<\/li><li>Yurt i\u00e7inde veya yurt d\u0131\u015f\u0131nda ki\u015fisel verilerinin aktar\u0131ld\u0131\u011f\u0131 \u00fc\u00e7\u00fcnc\u00fc ki\u015fileri bilme,<\/li><li>Ki\u015fisel verilerinizin eksik veya yanl\u0131\u015f i\u015flenmi\u015f olmas\u0131 halinde bunlar\u0131n d\u00fczeltilmesini isteme,<\/li><li>Kanun\u2019da \u00f6ng\u00f6r\u00fclen \u015fartlar \u00e7er\u00e7evesinde ki\u015fisel verilerinizin silinmesini veya yok edilmesini isteme,<\/li><li>Eksik veya yanl\u0131\u015f olarak i\u015flenmi\u015f ki\u015fisel verilerinizin d\u00fczeltildi\u011finin ki\u015fisel verilerin aktar\u0131ld\u0131\u011f\u0131 \u00fc\u00e7\u00fcnc\u00fc ki\u015filere bildirilmesini isteme,<\/li><li>Ki\u015fisel verilerinizin silindi\u011finin veya yok edildi\u011finin ki\u015fisel verilerin aktar\u0131ld\u0131\u011f\u0131 \u00fc\u00e7\u00fcnc\u00fc ki\u015filere bildirilmesini isteme,<\/li><li>\u0130\u015flenen verilerinizin m\u00fcnhas\u0131ran otomatik sistemler vas\u0131tas\u0131yla analiz edilmesi suretiyle aleyhinize bir sonu\u00e7 ortaya \u00e7\u0131kmas\u0131na itiraz etme,<\/li><li>Ki\u015fisel verilerinizin kanuna ayk\u0131r\u0131 olarak i\u015flenmesi sebebiyle zarara u\u011framan\u0131z halinde zarar\u0131n giderilmesini talep etme.<\/li><\/ul><p>Yukar\u0131da yer alan haklar\u0131n\u0131za ili\u015fkin taleplerinizi a\u015fa\u011f\u0131daki ileti\u015fim adresine iletebilirsiniz.<\/p><p><a href=\"mailto:dorjet@dorjet.com\">dorjet@dorjet.com<\/a><\/p>\t\t\t\t\t\t<\/div>\n\t\t\t\t<\/div>\n\t\t\t\t\t<\/div>\n\t\t<\/div>\n\t\t\t\t\t<\/div>\n\t\t<\/section>\n\t\t\t\t<\/div>","protected":false},"excerpt":{"rendered":"<p>Ki\u015fisel Verilerin Korunmas\u0131 Ayd\u0131nlatma Metni Ki\u015fisel verilerinizin korunmas\u0131 6698 say\u0131l\u0131 Ki\u015fisel Verilerin Korunmas\u0131 Kanunu (\u201cKanun\u201d) uyar\u0131nca veri sorumlusu s\u0131fat\u0131yla hareket eden\u00a0Dorjet Otomasyon A.\u015e.\u00a0(\u201c\u015eirket\u201d) en \u00f6nemli \u00f6ncelikleri aras\u0131ndad\u0131r. \u0130\u015fbu Ayd\u0131nlatma Metni do\u011frultusunda\u00a0\u015eirket\u00a0internet sitesi veya\u00a0\u015eirket\u00a0mobil uygulamas\u0131 da d\u00e2hil olmak \u00fczere \u015eirketimiz taraf\u0131ndan i\u015flenen ki\u015fisel verilere y\u00f6nelik sizleri ayd\u0131nlat\u0131larak Kanun uyar\u0131nca gerekli \u015feffafl\u0131\u011f\u0131n sa\u011flanmas\u0131 ama\u00e7lanmaktad\u0131r. Ki\u015fisel Verilerin\u00a0\u0130\u015fleme Amac\u0131 [&hellip;]<\/p>","protected":false},"author":5,"featured_media":0,"parent":0,"menu_order":0,"comment_status":"closed","ping_status":"closed","template":"","meta":{"footnotes":""},"class_list":["post-16459","page","type-page","status-publish","hentry"],"_links":{"self":[{"href":"https:\/\/dorjet.com\/en\/wp-json\/wp\/v2\/pages\/16459","targetHints":{"allow":["GET"]}}],"collection":[{"href":"https:\/\/dorjet.com\/en\/wp-json\/wp\/v2\/pages"}],"about":[{"href":"https:\/\/dorjet.com\/en\/wp-json\/wp\/v2\/types\/page"}],"author":[{"embeddable":true,"href":"https:\/\/dorjet.com\/en\/wp-json\/wp\/v2\/users\/5"}],"replies":[{"embeddable":true,"href":"https:\/\/dorjet.com\/en\/wp-json\/wp\/v2\/comments?post=16459"}],"version-history":[{"count":7,"href":"https:\/\/dorjet.com\/en\/wp-json\/wp\/v2\/pages\/16459\/revisions"}],"predecessor-version":[{"id":16715,"href":"https:\/\/dorjet.com\/en\/wp-json\/wp\/v2\/pages\/16459\/revisions\/16715"}],"wp:attachment":[{"href":"https:\/\/dorjet.com\/en\/wp-json\/wp\/v2\/media?parent=16459"}],"curies":[{"name":"wp","href":"https:\/\/api.w.org\/{rel}","templated":true}]}}