

{"id":3667,"date":"2021-01-28T11:18:59","date_gmt":"2021-01-28T11:18:59","guid":{"rendered":"https:\/\/hugge.qodeinteractive.com\/?page_id=3667"},"modified":"2024-03-06T15:33:15","modified_gmt":"2024-03-06T12:33:15","slug":"faq","status":"publish","type":"page","link":"https:\/\/dorjet.com\/en\/faq\/","title":{"rendered":"Frequently Asked Questions"},"content":{"rendered":"<div data-elementor-type=\"wp-page\" data-elementor-id=\"3667\" class=\"elementor elementor-3667\">\n\t\t\t\t\t\t<section class=\"elementor-section elementor-top-section elementor-element elementor-element-c42c80e elementor-section-full_width qodef-elementor-content-grid elementor-section-height-default elementor-section-height-default\" data-id=\"c42c80e\" data-element_type=\"section\">\n\t\t\t\t\t\t<div class=\"elementor-container elementor-column-gap-default\">\n\t\t\t\t\t<div class=\"elementor-column elementor-col-50 elementor-top-column elementor-element elementor-element-320c822\" data-id=\"320c822\" data-element_type=\"column\">\n\t\t\t<div class=\"elementor-widget-wrap elementor-element-populated\">\n\t\t\t\t\t\t<div class=\"elementor-element elementor-element-dc8be2c elementor-widget elementor-widget-hugge_core_accordion\" data-id=\"dc8be2c\" data-element_type=\"widget\" data-widget_type=\"hugge_core_accordion.default\">\n\t\t\t\t<div class=\"elementor-widget-container\">\n\t\t\t<div class=\"qodef-shortcode qodef-m  qodef-accordion clear qodef-behavior--accordion qodef-layout--simple\">\n\t<h4 class=\"qodef-accordion-title\">\n\t<span class=\"qodef-tab-title\">Does the landing gear go down accidentally while riding?<\/span>\n\t<span class=\"qodef-accordion-mark\">\n\t\t<span class=\"qodef-icon--plus\"><\/span>\n\t\t<span class=\"qodef-icon--minus\"><\/span>\n\t<\/span>\n<\/h4>\n<div class=\"qodef-accordion-content\">\n\t<div class=\"qodef-accordion-content-inner\">\n\t\t<div class=\"tab\"><div class=\"tab-content\"><p>The landing gear does not go down by pushing any of the buttons while above 30 km\/h.\u00a0<\/p><\/div><\/div><div class=\"tab\">\u00a0<\/div>\t<\/div>\n<\/div>\n<h4 class=\"qodef-accordion-title\">\n\t<span class=\"qodef-tab-title\">Will the motorcyle be damaged if it falls over after removing the rear protection bar?<\/span>\n\t<span class=\"qodef-accordion-mark\">\n\t\t<span class=\"qodef-icon--plus\"><\/span>\n\t\t<span class=\"qodef-icon--minus\"><\/span>\n\t<\/span>\n<\/h4>\n<div class=\"qodef-accordion-content\">\n\t<div class=\"qodef-accordion-content-inner\">\n\t\t<p>The landing gear is made in the same length as the protection bar, providing the same security.<\/p>\t<\/div>\n<\/div>\n<h4 class=\"qodef-accordion-title\">\n\t<span class=\"qodef-tab-title\">Wouldn't it be easier to buy a trike motorcycle instead of having the landing gear installed?<\/span>\n\t<span class=\"qodef-accordion-mark\">\n\t\t<span class=\"qodef-icon--plus\"><\/span>\n\t\t<span class=\"qodef-icon--minus\"><\/span>\n\t<\/span>\n<\/h4>\n<div class=\"qodef-accordion-content\">\n\t<div class=\"qodef-accordion-content-inner\">\n\t\t<div class=\"tab\"><div class=\"tab-content\"><p>You can not enjoy the pleasure of two wheels with a trike motor. However, when the landing gear is stationary, the two-wheelers becomes trike and when it moves, it can be two wheels.<\/p><\/div><\/div><div class=\"tab\">\u00a0<\/div>\t<\/div>\n<\/div>\n<h4 class=\"qodef-accordion-title\">\n\t<span class=\"qodef-tab-title\">How do landing gears behave on a pit or angled ground?<\/span>\n\t<span class=\"qodef-accordion-mark\">\n\t\t<span class=\"qodef-icon--plus\"><\/span>\n\t\t<span class=\"qodef-icon--minus\"><\/span>\n\t<\/span>\n<\/h4>\n<div class=\"qodef-accordion-content\">\n\t<div class=\"qodef-accordion-content-inner\">\n\t\t<div class=\"tab\"><div class=\"tab-content\"><p>The landing gear is completely independent of each other, only the landing gear in contact with the ground will stop, keeping the motorcycle leveled.<\/p><\/div><\/div><div class=\"tab\">\u00a0<\/div>\t<\/div>\n<\/div>\n<h4 class=\"qodef-accordion-title\">\n\t<span class=\"qodef-tab-title\">The angle of the motor deteriorates when it passes from flat ground to uneven ground. Wouldn't it be difficult to accelerate with an out-of-angle motorcycle?<\/span>\n\t<span class=\"qodef-accordion-mark\">\n\t\t<span class=\"qodef-icon--plus\"><\/span>\n\t\t<span class=\"qodef-icon--minus\"><\/span>\n\t<\/span>\n<\/h4>\n<div class=\"qodef-accordion-content\">\n\t<div class=\"qodef-accordion-content-inner\">\n\t\t<div class=\"tab\"><div class=\"tab-content\"><p>With the angle button on the panel, the angle of the motorcycle can be adjusted continuously, while the landing gear is down and in motion (each touch 1 degree), maximum. 8 degree.<\/p><\/div><\/div><div class=\"tab\">\u00a0<\/div>\t<\/div>\n<\/div>\n<h4 class=\"qodef-accordion-title\">\n\t<span class=\"qodef-tab-title\">Are the landing gear hydraulic or pneumatic, do you have a hydraulic unit or compressor that takes up space in the trunk?<\/span>\n\t<span class=\"qodef-accordion-mark\">\n\t\t<span class=\"qodef-icon--plus\"><\/span>\n\t\t<span class=\"qodef-icon--minus\"><\/span>\n\t<\/span>\n<\/h4>\n<div class=\"qodef-accordion-content\">\n\t<div class=\"qodef-accordion-content-inner\">\n\t\t<div class=\"tab\"><div class=\"tab-content\"><p>Our landing gear is a high-tech electromechanical system. There are no items in the trunk.<\/p><\/div><\/div><div class=\"tab\">\u00a0<\/div>\t<\/div>\n<\/div>\n<h4 class=\"qodef-accordion-title\">\n\t<span class=\"qodef-tab-title\">How do I the lift up landing gear in the event of a malfunction?<\/span>\n\t<span class=\"qodef-accordion-mark\">\n\t\t<span class=\"qodef-icon--plus\"><\/span>\n\t\t<span class=\"qodef-icon--minus\"><\/span>\n\t<\/span>\n<\/h4>\n<div class=\"qodef-accordion-content\">\n\t<div class=\"qodef-accordion-content-inner\">\n\t\t<div class=\"tab\"><div class=\"tab-content\"><div class=\"tab\"><div class=\"tab-content\"><p>It is designed in such a way that the landing gear can be moved up and down with the manual switch in case of a possible malfunction.<\/p><\/div><\/div><div class=\"tab\">\u00a0<\/div><\/div><\/div>\t<\/div>\n<\/div>\n<h4 class=\"qodef-accordion-title\">\n\t<span class=\"qodef-tab-title\">What kind of a problem does it create if the landing gear doesn't understand that a possible part is touching the ground in case of a malfunction?<\/span>\n\t<span class=\"qodef-accordion-mark\">\n\t\t<span class=\"qodef-icon--plus\"><\/span>\n\t\t<span class=\"qodef-icon--minus\"><\/span>\n\t<\/span>\n<\/h4>\n<div class=\"qodef-accordion-content\">\n\t<div class=\"qodef-accordion-content-inner\">\n\t\t<div class=\"tab\"><div class=\"tab-content\"><div class=\"tab\"><div class=\"tab-content\"><div class=\"tab\"><div class=\"tab-content\"><p>All security elements are designed in three ways. If the device that senses the landing gear contact with the ground fails, the load sensing system is being activated. It detects the load and stops the landing gear. If that is broken also, the distance measuring system is being activated and If it is also broken, the distance measuring system is designed to prevent the landing gear opening more than it is supposed to.\u00a0<\/p><\/div><\/div><div class=\"tab\">\u00a0<\/div><\/div><\/div><\/div><\/div>\t<\/div>\n<\/div>\n<h4 class=\"qodef-accordion-title\">\n\t<span class=\"qodef-tab-title\">If I lower and raise the landing gear a lot with the ignition off, will it drain the battery?<\/span>\n\t<span class=\"qodef-accordion-mark\">\n\t\t<span class=\"qodef-icon--plus\"><\/span>\n\t\t<span class=\"qodef-icon--minus\"><\/span>\n\t<\/span>\n<\/h4>\n<div class=\"qodef-accordion-content\">\n\t<div class=\"qodef-accordion-content-inner\">\n\t\t<div class=\"tab\"><div class=\"tab-content\"><div class=\"tab\"><div class=\"tab-content\"><div class=\"tab\"><div class=\"tab-content\"><p>The landing gear control panel constantly checks your battery. If you run a lot while stopped, if your battery goes below 11 volts, the landing gear will turn off its own energy so that the motorcycle can start, protecting your battery.<\/p><\/div><\/div><\/div><\/div><\/div><\/div>\t<\/div>\n<\/div>\n<h4 class=\"qodef-accordion-title\">\n\t<span class=\"qodef-tab-title\">If I leave the motorcycle on the landing gear and someone pushes the button, will the landing gear go up?<\/span>\n\t<span class=\"qodef-accordion-mark\">\n\t\t<span class=\"qodef-icon--plus\"><\/span>\n\t\t<span class=\"qodef-icon--minus\"><\/span>\n\t<\/span>\n<\/h4>\n<div class=\"qodef-accordion-content\">\n\t<div class=\"qodef-accordion-content-inner\">\n\t\t<div class=\"tab\"><div class=\"tab-content\"><div class=\"tab\"><div class=\"tab-content\"><div class=\"tab\"><div class=\"tab-content\"><div class=\"tab\"><div class=\"tab-content\"><p>15 seconds after the motorcyle is stopped. Then it automatically turns off the power of the landing gear, none of the buttons work.<\/p><\/div><\/div><div class=\"tab\">\u00a0<\/div><\/div><\/div><\/div><\/div><\/div><\/div>\t<\/div>\n<\/div>\n<h4 class=\"qodef-accordion-title\">\n\t<span class=\"qodef-tab-title\">Do the landing gear rub the ground on sharp turns?<\/span>\n\t<span class=\"qodef-accordion-mark\">\n\t\t<span class=\"qodef-icon--plus\"><\/span>\n\t\t<span class=\"qodef-icon--minus\"><\/span>\n\t<\/span>\n<\/h4>\n<div class=\"qodef-accordion-content\">\n\t<div class=\"qodef-accordion-content-inner\">\n\t\t<div class=\"tab\"><div class=\"tab-content\"><div class=\"tab\"><div class=\"tab-content\"><div class=\"tab\"><div class=\"tab-content\"><div class=\"tab\"><div class=\"tab-content\"><div class=\"vvsg2\"><div class=\"container\"><div class=\"row\"><div class=\"col-12\"><div class=\"tabs\"><div class=\"tab\"><div class=\"tab-content\"><p>Dorjet landing gear is produced by making road bend calculations. Landing gear is mounted on the same level as the foot peg. If the pegs rubs against the road, so does the lending gear.<\/p><\/div><\/div><\/div><\/div><\/div><\/div><\/div><\/div><\/div><\/div><\/div><\/div><\/div><\/div><\/div>\t<\/div>\n<\/div>\n<\/div>\n\t\t<\/div>\n\t\t\t\t<\/div>\n\t\t\t\t\t<\/div>\n\t\t<\/div>\n\t\t\t\t<div class=\"elementor-column elementor-col-50 elementor-top-column elementor-element elementor-element-21c4dba\" data-id=\"21c4dba\" data-element_type=\"column\">\n\t\t\t<div class=\"elementor-widget-wrap elementor-element-populated\">\n\t\t\t\t\t\t<div class=\"elementor-element elementor-element-f50a416 elementor-widget elementor-widget-hugge_core_single_image\" data-id=\"f50a416\" data-element_type=\"widget\" data-widget_type=\"hugge_core_single_image.default\">\n\t\t\t\t<div class=\"elementor-widget-container\">\n\t\t\t<div class=\"qodef-shortcode qodef-m  qodef-single-image qodef-layout--default\">\n\t<div class=\"qodef-m-image\">\n\t\t\t\t<img fetchpriority=\"high\" decoding=\"async\" width=\"1173\" height=\"1659\" src=\"https:\/\/dorjet.com\/wp-content\/uploads\/2021\/10\/Goldwing-20.jpg\" class=\"attachment-full size-full\" alt=\"\" srcset=\"https:\/\/dorjet.com\/wp-content\/uploads\/2021\/10\/Goldwing-20.jpg 1173w, https:\/\/dorjet.com\/wp-content\/uploads\/2021\/10\/Goldwing-20-212x300.jpg 212w, https:\/\/dorjet.com\/wp-content\/uploads\/2021\/10\/Goldwing-20-724x1024.jpg 724w, https:\/\/dorjet.com\/wp-content\/uploads\/2021\/10\/Goldwing-20-768x1086.jpg 768w, https:\/\/dorjet.com\/wp-content\/uploads\/2021\/10\/Goldwing-20-1086x1536.jpg 1086w, https:\/\/dorjet.com\/wp-content\/uploads\/2021\/10\/Goldwing-20-600x849.jpg 600w\" sizes=\"(max-width: 1173px) 100vw, 1173px\" \/>\t<\/div><\/div>\t\t<\/div>\n\t\t\t\t<\/div>\n\t\t\t\t\t<\/div>\n\t\t<\/div>\n\t\t\t\t\t<\/div>\n\t\t<\/section>\n\t\t\t\t<\/div>","protected":false},"excerpt":{"rendered":"<p>H\u0131zl\u0131 giderken ini\u015f tak\u0131mlar\u0131 yanl\u0131\u015fl\u0131kla veya isteyerek a\u015fa\u011f\u0131 iner mi? \u0130ni\u015f tak\u0131mlar\u0131 40 km h\u0131z\u0131n \u00fcst\u00fcnde buton tak\u0131m\u0131nda bulunan butonlar\u0131n hi\u00e7biri ile ini\u015f tak\u0131mlar\u0131n\u0131 a\u015fa\u011f\u0131 indirmez. Arka koruma demiri s\u00f6k\u00fclm\u00fc\u015f motor yana d\u00fc\u015ferse hasar almaz m\u0131? \u0130ni\u015f tak\u0131m\u0131 s\u00f6k\u00fclen koruma demiri ile ayn\u0131 boyda yap\u0131lm\u0131\u015ft\u0131r, ayn\u0131 korumay\u0131 sa\u011flamaktad\u0131r. \u0130ni\u015f tak\u0131mlar\u0131n\u0131 takt\u0131raca\u011f\u0131ma trike motor almak daha [&hellip;]<\/p>","protected":false},"author":5,"featured_media":0,"parent":0,"menu_order":5,"comment_status":"closed","ping_status":"closed","template":"","meta":{"footnotes":""},"class_list":["post-3667","page","type-page","status-publish","hentry"],"_links":{"self":[{"href":"https:\/\/dorjet.com\/en\/wp-json\/wp\/v2\/pages\/3667","targetHints":{"allow":["GET"]}}],"collection":[{"href":"https:\/\/dorjet.com\/en\/wp-json\/wp\/v2\/pages"}],"about":[{"href":"https:\/\/dorjet.com\/en\/wp-json\/wp\/v2\/types\/page"}],"author":[{"embeddable":true,"href":"https:\/\/dorjet.com\/en\/wp-json\/wp\/v2\/users\/5"}],"replies":[{"embeddable":true,"href":"https:\/\/dorjet.com\/en\/wp-json\/wp\/v2\/comments?post=3667"}],"version-history":[{"count":27,"href":"https:\/\/dorjet.com\/en\/wp-json\/wp\/v2\/pages\/3667\/revisions"}],"predecessor-version":[{"id":16723,"href":"https:\/\/dorjet.com\/en\/wp-json\/wp\/v2\/pages\/3667\/revisions\/16723"}],"wp:attachment":[{"href":"https:\/\/dorjet.com\/en\/wp-json\/wp\/v2\/media?parent=3667"}],"curies":[{"name":"wp","href":"https:\/\/api.w.org\/{rel}","templated":true}]}}