{"id":11762,"date":"2021-04-07T06:10:42","date_gmt":"2021-04-07T06:10:42","guid":{"rendered":"https:\/\/hugge.qodeinteractive.com\/?post_type=product&#038;p=11762"},"modified":"2025-06-25T17:00:41","modified_gmt":"2025-06-25T14:00:41","slug":"goldwing-gl1800-landing-gears","status":"publish","type":"product","link":"https:\/\/dorjet.com\/en\/urunler\/goldwing-gl1800-landing-gears\/","title":{"rendered":"Gold Wing GL1800 Landing Gears"},"content":{"rendered":"","protected":false},"excerpt":{"rendered":"<p><strong>Honda Gold Wing<\/strong> motor i\u00e7in geli\u015ftirilmi\u015f ini\u015f tak\u0131mlar\u0131d\u0131r. Bir di\u011fer ad\u0131yla otomatik dengeleme ve ayak sistemidir. Arka tekerin iki taraf\u0131nda \u00e7al\u0131\u015fan otomatik motorlar sayesinde motorun a\u011f\u0131rl\u0131\u011f\u0131 dengelenerek devrilmesi \u00f6nlenir. \u0130ster manuel kullan\u0131m, ister iseniz otomatik kullan\u0131m ile motor zevkinizi artt\u0131racak bir \u00fcr\u00fcnd\u00fcr.<\/p>\n<p><strong>Honda Gold Wing<\/strong> motorun a\u011f\u0131rl\u0131\u011f\u0131 y\u00fcz\u00fcnden \u00e7o\u011fu kullan\u0131c\u0131s\u0131 trafik \u0131\u015f\u0131klar\u0131nda motoru dengede tutamayarak devrilmektedir. Tam olarak burada devreye giren <strong>Dorjet \u0130ni\u015f Tak\u0131mlar\u0131<\/strong> \u00fcr\u00fcn\u00fcm\u00fcz hem g\u00fcvenli\u011finizi hem de konforunuzu artt\u0131rmaktad\u0131r.<\/p>","protected":false},"featured_media":16795,"comment_status":"closed","ping_status":"closed","template":"","meta":[],"product_cat":[216],"product_tag":[217],"class_list":{"0":"post-11762","1":"product","2":"type-product","3":"status-publish","4":"has-post-thumbnail","6":"product_cat-honda","7":"product_tag-gold-wing-gl1800","9":"first","10":"instock","11":"taxable","12":"shipping-taxable","13":"purchasable","14":"product-type-simple"},"_links":{"self":[{"href":"https:\/\/dorjet.com\/en\/wp-json\/wp\/v2\/product\/11762","targetHints":{"allow":["GET"]}}],"collection":[{"href":"https:\/\/dorjet.com\/en\/wp-json\/wp\/v2\/product"}],"about":[{"href":"https:\/\/dorjet.com\/en\/wp-json\/wp\/v2\/types\/product"}],"replies":[{"embeddable":true,"href":"https:\/\/dorjet.com\/en\/wp-json\/wp\/v2\/comments?post=11762"}],"wp:featuredmedia":[{"embeddable":true,"href":"https:\/\/dorjet.com\/en\/wp-json\/wp\/v2\/media\/16795"}],"wp:attachment":[{"href":"https:\/\/dorjet.com\/en\/wp-json\/wp\/v2\/media?parent=11762"}],"wp:term":[{"taxonomy":"product_cat","embeddable":true,"href":"https:\/\/dorjet.com\/en\/wp-json\/wp\/v2\/product_cat?post=11762"},{"taxonomy":"product_tag","embeddable":true,"href":"https:\/\/dorjet.com\/en\/wp-json\/wp\/v2\/product_tag?post=11762"}],"curies":[{"name":"wp","href":"https:\/\/api.w.org\/{rel}","templated":true}]}}