{"id":16245,"date":"2022-03-09T14:12:29","date_gmt":"2022-03-09T14:12:29","guid":{"rendered":"https:\/\/dorjet.com\/?post_type=product&#038;p=16245"},"modified":"2024-03-05T16:25:48","modified_gmt":"2024-03-05T13:25:48","slug":"goldwing-gl1500-landing-gears","status":"publish","type":"product","link":"https:\/\/dorjet.com\/en\/urunler\/goldwing-gl1500-landing-gears\/","title":{"rendered":"Gold Wing GL1500 Landing Gears"},"content":{"rendered":"","protected":false},"excerpt":{"rendered":"<p>Gold Wing motor i\u00e7in geli\u015ftirilmi\u015f ini\u015f tak\u0131mlar\u0131d\u0131r. Bir di\u011fer ad\u0131yla otomatik dengeleme ve ayak sistemidir. Arka tekerin iki taraf\u0131nda \u00e7al\u0131\u015fan otomatik motorlar sayesinde motorun a\u011f\u0131rl\u0131\u011f\u0131 dengelenerek devrilmesi \u00f6nlenir. \u0130ster manuel kullan\u0131m, ister iseniz otomatik kullan\u0131m ile motor zevkinizi artt\u0131racak bir \u00fcr\u00fcnd\u00fcr.<\/p>\n<p>Honda Gold Wing motorun a\u011f\u0131rl\u0131\u011f\u0131 y\u00fcz\u00fcnden \u00e7o\u011fu kullan\u0131c\u0131s\u0131 trafik \u0131\u015f\u0131klar\u0131nda motoru dengede tutamayarak devrilmektedir. Tam olarak burada devreye giren Dorjet \u0130ni\u015f Tak\u0131mlar\u0131 \u00fcr\u00fcn\u00fcm\u00fcz hem g\u00fcvenli\u011finizi hem de konforunuzu artt\u0131rmaktad\u0131r.<\/p>","protected":false},"featured_media":15438,"comment_status":"closed","ping_status":"closed","template":"","meta":[],"product_cat":[216],"product_tag":[219],"class_list":{"0":"post-16245","1":"product","2":"type-product","3":"status-publish","4":"has-post-thumbnail","6":"product_cat-honda","7":"product_tag-gold-wing-gl1500","9":"first","10":"instock","11":"taxable","12":"shipping-taxable","13":"purchasable","14":"product-type-simple"},"_links":{"self":[{"href":"https:\/\/dorjet.com\/en\/wp-json\/wp\/v2\/product\/16245","targetHints":{"allow":["GET"]}}],"collection":[{"href":"https:\/\/dorjet.com\/en\/wp-json\/wp\/v2\/product"}],"about":[{"href":"https:\/\/dorjet.com\/en\/wp-json\/wp\/v2\/types\/product"}],"replies":[{"embeddable":true,"href":"https:\/\/dorjet.com\/en\/wp-json\/wp\/v2\/comments?post=16245"}],"wp:featuredmedia":[{"embeddable":true,"href":"https:\/\/dorjet.com\/en\/wp-json\/wp\/v2\/media\/15438"}],"wp:attachment":[{"href":"https:\/\/dorjet.com\/en\/wp-json\/wp\/v2\/media?parent=16245"}],"wp:term":[{"taxonomy":"product_cat","embeddable":true,"href":"https:\/\/dorjet.com\/en\/wp-json\/wp\/v2\/product_cat?post=16245"},{"taxonomy":"product_tag","embeddable":true,"href":"https:\/\/dorjet.com\/en\/wp-json\/wp\/v2\/product_tag?post=16245"}],"curies":[{"name":"wp","href":"https:\/\/api.w.org\/{rel}","templated":true}]}}